{"id":75,"date":"2017-05-31T21:19:06","date_gmt":"2017-05-31T21:19:06","guid":{"rendered":"http:\/\/almeriainversiones.com\/web\/mantenimiento\/?page_id=75"},"modified":"2023-12-30T13:55:18","modified_gmt":"2023-12-30T13:55:18","slug":"inicio","status":"publish","type":"page","link":"http:\/\/almeriainversiones.com\/web\/","title":{"rendered":"inicio"},"content":{"rendered":"<p>[et_pb_section fb_built=\u00bb1&#8243; custom_padding=\u00bb1px|0px|0px|0px\u00bb admin_label=\u00bbsection\u00bb _builder_version=\u00bb3.0.48&#8243;][et_pb_row custom_padding=\u00bb0px|0px|0px|0px\u00bb admin_label=\u00bbrow\u00bb _builder_version=\u00bb3.0.48&#8243; background_size=\u00bbinitial\u00bb background_position=\u00bbtop_left\u00bb background_repeat=\u00bbrepeat\u00bb][et_pb_column type=\u00bb4_4&#8243; _builder_version=\u00bb3.0.47&#8243; parallax=\u00bboff\u00bb parallax_method=\u00bbon\u00bb][et_pb_gallery gallery_ids=\u00bb770,559,799,795,796&#8243; fullwidth=\u00bbon\u00bb background_layout=\u00bbdark\u00bb admin_label=\u00bbGaler\u00eda\u00bb _builder_version=\u00bb3.0.48&#8243; use_border_color=\u00bbon\u00bb][\/et_pb_gallery][et_pb_image _builder_version=\u00bb3.0.48&#8243;][\/et_pb_image][et_pb_video_slider _builder_version=\u00bb3.0.48&#8243;][\/et_pb_video_slider][\/et_pb_column][\/et_pb_row][et_pb_row custom_padding=\u00bb0px|0px|11px|0px\u00bb background_position_1=\u00bbtop_left\u00bb background_repeat_1=\u00bbno-repeat\u00bb admin_label=\u00bbFila\u00bb module_id=\u00bbancla1&#8243; _builder_version=\u00bb3.0.48&#8243; background_size=\u00bbinitial\u00bb background_position=\u00bbtop_left\u00bb background_repeat=\u00bbrepeat\u00bb][et_pb_column type=\u00bb4_4&#8243; _builder_version=\u00bb3.0.47&#8243; parallax=\u00bboff\u00bb parallax_method=\u00bbon\u00bb background_position=\u00bbtop_left\u00bb background_repeat=\u00bbno-repeat\u00bb][et_pb_image src=\u00bbhttp:\/\/almeriainversiones.com\/web\/wp-content\/uploads\/2019\/01\/bienvenidos.jpg\u00bb admin_label=\u00bbBienvenidos\u00bb _builder_version=\u00bb3.0.48&#8243;][\/et_pb_image][\/et_pb_column][\/et_pb_row][\/et_pb_section][et_pb_section fb_built=\u00bb1&#8243; custom_padding=\u00bb0px|0px|54px|0px\u00bb admin_label=\u00bbSecci\u00f3n\u00bb _builder_version=\u00bb3.0.48&#8243;][et_pb_row admin_label=\u00bbFila\u00bb _builder_version=\u00bb3.0.47&#8243; background_size=\u00bbinitial\u00bb background_position=\u00bbtop_left\u00bb background_repeat=\u00bbrepeat\u00bb][et_pb_column type=\u00bb1_2&#8243; _builder_version=\u00bb3.0.47&#8243; parallax=\u00bboff\u00bb parallax_method=\u00bbon\u00bb][et_pb_text admin_label=\u00bbTexto\u00bb _builder_version=\u00bb3.0.48&#8243;]<\/p>\n<p>La Pradera del Lago es un lugar exclusivo en una extensi\u00f3n de 100,000 m<sup>2<\/sup>. El proyecto cuenta con amplios terrenos, extensas \u00e1reas verdes, un lago y una c\u00f3moda \u00e1rea de actividades sociales, deporte y recreaci\u00f3n.\u00a0 Estamos en el hermoso distrito de La Joya a tan solo 30 minutos de la ciudad de Arequipa. La Pradera del Lago es un proyecto hecho a su medida con:<\/p>\n<ul>\n<li>\u00e1reas verdes: aproximadamente 60,000 m<sup>2<\/sup> con plantas ornamentales, \u00e1rboles frutales, fuentes de ca\u00edda de agua y el lago que da nombre a nuestro proyecto<strong>,<\/strong><\/li>\n<li>59 lotes desde 750 m<sup>2<\/sup> desde los cuales podr\u00e1 apreciar las \u00e1reas verdes y disfrutar de comodidad y confort,<\/li>\n<li>amplias v\u00edas de acceso vehicular y peatonal, ciclov\u00eda y caminos de trote\u00a0 para largas caminatas y as\u00ed apreciar el entorno natural,<\/li>\n<li>glorietas de descanso,<\/li>\n<li>zona de parrillas y \u00e1rea de actividades sociales con un amplio sal\u00f3n social con vista a la piscina y al lago,<\/li>\n<li>\u00e1rea de deportes y recreaci\u00f3n con piscina, canchas de f\u00fatbol, front\u00f3n y juegos recreativos para los m\u00e1s peque\u00f1os.<\/li>\n<\/ul>\n<p>[\/et_pb_text][et_pb_text admin_label=\u00bbTexto\u00bb _builder_version=\u00bb3.0.48&#8243;]<\/p>\n<p style=\"text-align: center;\"><strong>Habilitaci\u00f3n Urbana:\u00a0<\/strong>Resoluci\u00f3n gerencial N\u00ba 074 &#8211; 2014 &#8211; GDU &#8211; MDLJ<\/p>\n<p style=\"text-align: center;\">Noviembre 2014<\/p>\n<p>[\/et_pb_text][\/et_pb_column][et_pb_column type=\u00bb1_2&#8243; _builder_version=\u00bb3.0.47&#8243; parallax=\u00bboff\u00bb parallax_method=\u00bbon\u00bb][et_pb_image src=\u00bbhttp:\/\/almeriainversiones.com\/web\/wp-content\/uploads\/2019\/01\/parrillas01.jpg\u00bb admin_label=\u00bbImagen\u00bb _builder_version=\u00bb3.0.48&#8243;][\/et_pb_image][et_pb_divider admin_label=\u00bbSeparador\u00bb _builder_version=\u00bb3.0.48&#8243;][\/et_pb_divider][\/et_pb_column][\/et_pb_row][\/et_pb_section][et_pb_section fb_built=\u00bb1&#8243; custom_padding=\u00bb12px|0px|23px|0px\u00bb admin_label=\u00bbSecci\u00f3n\u00bb _builder_version=\u00bb3.0.48&#8243;][et_pb_row custom_padding=\u00bb13px|0px|15px|0px\u00bb background_position_1=\u00bbtop_left\u00bb background_repeat_1=\u00bbno-repeat\u00bb admin_label=\u00bbFila\u00bb module_id=\u00bbancla3&#8243; _builder_version=\u00bb3.0.48&#8243; background_size=\u00bbinitial\u00bb background_position=\u00bbtop_left\u00bb background_repeat=\u00bbrepeat\u00bb][et_pb_column type=\u00bb4_4&#8243; _builder_version=\u00bb3.0.47&#8243; parallax=\u00bboff\u00bb parallax_method=\u00bbon\u00bb background_position=\u00bbtop_left\u00bb background_repeat=\u00bbno-repeat\u00bb][et_pb_image src=\u00bbhttp:\/\/almeriainversiones.com\/web\/wp-content\/uploads\/2019\/01\/Galeria.jpg\u00bb admin_label=\u00bbAvances\u00bb _builder_version=\u00bb3.0.48&#8243;][\/et_pb_image][\/et_pb_column][\/et_pb_row][et_pb_row custom_padding=\u00bb5px|0px|0px|0px\u00bb custom_margin=\u00bb||0px|\u00bb padding_bottom_1=\u00bb0px\u00bb admin_label=\u00bbFila\u00bb _builder_version=\u00bb3.0.48&#8243; background_size=\u00bbinitial\u00bb background_position=\u00bbtop_left\u00bb background_repeat=\u00bbrepeat\u00bb][et_pb_column type=\u00bb4_4&#8243; _builder_version=\u00bb3.0.47&#8243; padding_bottom=\u00bb0px\u00bb parallax=\u00bboff\u00bb parallax_method=\u00bbon\u00bb][et_pb_gallery gallery_ids=\u00bb604,605,606,607,608,609,610,611,612,613&#8243; fullwidth=\u00bbon\u00bb auto=\u00bbon\u00bb auto_speed=\u00bb5000&#8243; hover_icon=\u00bb%%28%%\u00bb admin_label=\u00bbGaler\u00eda\u00bb _builder_version=\u00bb3.0.48&#8243; title_text_color=\u00bb#0b44c6&#8243; custom_css_main_element=\u00bbheight: 470px;\u00bb][\/et_pb_gallery][\/et_pb_column][\/et_pb_row][et_pb_row custom_padding=\u00bb7px|0px|27px|0px\u00bb admin_label=\u00bbFila\u00bb _builder_version=\u00bb3.0.47&#8243; background_size=\u00bbinitial\u00bb background_position=\u00bbtop_left\u00bb background_repeat=\u00bbrepeat\u00bb][et_pb_column type=\u00bb1_4&#8243; _builder_version=\u00bb3.0.47&#8243; parallax=\u00bboff\u00bb parallax_method=\u00bbon\u00bb][et_pb_image src=\u00bbhttp:\/\/almeriainversiones.com\/web\/wp-content\/uploads\/2023\/02\/GALERIA-CLUB-SOCIAL.jpg\u00bb title_text=\u00bbClub Social\u00bb url=\u00bbhttp:\/\/almeriainversiones.com\/web\/lago\/\u00bb admin_label=\u00bbImagen\u00bb _builder_version=\u00bb3.0.48&#8243;][\/et_pb_image][et_pb_text admin_label=\u00bbLago\u00bb _builder_version=\u00bb3.0.48&#8243;]<\/p>\n<h2 style=\"text-align: center;\">Lago y\u00a0Club Social<\/h2>\n<p>[\/et_pb_text][\/et_pb_column][et_pb_column type=\u00bb1_4&#8243; _builder_version=\u00bb3.0.47&#8243; parallax=\u00bboff\u00bb parallax_method=\u00bbon\u00bb][et_pb_image src=\u00bbhttp:\/\/almeriainversiones.com\/web\/wp-content\/uploads\/2019\/01\/glorieta01.jpg\u00bb title_text=\u00bb\u00c1rea de BBQ\u00bb url=\u00bbhttp:\/\/almeriainversiones.com\/web\/parques\u00bb admin_label=\u00bbImagen\u00bb _builder_version=\u00bb3.0.48&#8243;][\/et_pb_image][et_pb_text admin_label=\u00bbParques y glorietas\u00bb _builder_version=\u00bb3.0.48&#8243;]<\/p>\n<h2 style=\"text-align: center;\">Parques y glorietas<\/h2>\n<p>[\/et_pb_text][\/et_pb_column][et_pb_column type=\u00bb1_4&#8243; _builder_version=\u00bb3.0.47&#8243; parallax=\u00bboff\u00bb parallax_method=\u00bbon\u00bb][et_pb_image src=\u00bbhttp:\/\/almeriainversiones.com\/web\/wp-content\/uploads\/2019\/01\/jacaranda01.jpg\u00bb title_text=\u00bb\u00c1reas verdes\u00bb url=\u00bbhttp:\/\/almeriainversiones.com\/web\/plazajacaranda\/\u00bb admin_label=\u00bbImagen\u00bb _builder_version=\u00bb3.0.48&#8243;][\/et_pb_image][et_pb_text admin_label=\u00bbPlaza de Jacarand\u00e1\u00bb _builder_version=\u00bb3.0.48&#8243;]<\/p>\n<h2 style=\"text-align: center;\">Plaza de Jacarand\u00e1<\/h2>\n<p>[\/et_pb_text][\/et_pb_column][et_pb_column type=\u00bb1_4&#8243; _builder_version=\u00bb3.0.47&#8243; parallax=\u00bboff\u00bb parallax_method=\u00bbon\u00bb][et_pb_image src=\u00bbhttp:\/\/almeriainversiones.com\/web\/wp-content\/uploads\/2019\/01\/deporte01.jpg\u00bb title_text=\u00bb\u00c1reas Deportivas\u00bb url=\u00bbhttp:\/\/almeriainversiones.com\/web\/areasdeportivas\/\u00bb admin_label=\u00bbImagen\u00bb _builder_version=\u00bb3.0.48&#8243;][\/et_pb_image][et_pb_text admin_label=\u00bb\u00c1reas deportivas\u00bb _builder_version=\u00bb3.0.48&#8243;]<\/p>\n<h2 style=\"text-align: center;\">\u00c1reas\u00a0deportivas<\/h2>\n<p>[\/et_pb_text][\/et_pb_column][\/et_pb_row][\/et_pb_section][et_pb_section fb_built=\u00bb1&#8243; custom_padding=\u00bb20px|0px|9px|0px\u00bb admin_label=\u00bbSecci\u00f3n\u00bb _builder_version=\u00bb3.0.48&#8243;][et_pb_row custom_padding=\u00bb12px|0px|27px|0px\u00bb background_position_1=\u00bbtop_left\u00bb background_repeat_1=\u00bbno-repeat\u00bb admin_label=\u00bbFila\u00bb module_id=\u00bbancla5&#8243; _builder_version=\u00bb3.0.48&#8243; background_size=\u00bbinitial\u00bb background_position=\u00bbtop_left\u00bb background_repeat=\u00bbrepeat\u00bb][et_pb_column type=\u00bb4_4&#8243; _builder_version=\u00bb3.0.47&#8243; parallax=\u00bboff\u00bb parallax_method=\u00bbon\u00bb background_position=\u00bbtop_left\u00bb background_repeat=\u00bbno-repeat\u00bb][et_pb_image src=\u00bbhttp:\/\/almeriainversiones.com\/web\/wp-content\/uploads\/2019\/01\/Videos.jpg\u00bb admin_label=\u00bbPaseo\u00bb _builder_version=\u00bb3.0.48&#8243;][\/et_pb_image][et_pb_video src=\u00bbhttps:\/\/www.youtube.com\/watch?v=I1qzYIJ3He8&#038;feature=youtu.be\u00bb image_src=\u00bb\/\/i.ytimg.com\/vi\/I1qzYIJ3He8\/hqdefault.jpg\u00bb admin_label=\u00bbV\u00eddeo\u00bb _builder_version=\u00bb3.0.48&#8243;][\/et_pb_video][\/et_pb_column][\/et_pb_row][\/et_pb_section][et_pb_section fb_built=\u00bb1&#8243; custom_padding=\u00bb13px|0px|54px|0px\u00bb admin_label=\u00bbSecci\u00f3n\u00bb _builder_version=\u00bb3.0.48&#8243;][et_pb_row custom_padding=\u00bb27px|0px|8px|0px\u00bb background_position_1=\u00bbtop_left\u00bb background_repeat_1=\u00bbno-repeat\u00bb admin_label=\u00bbFila\u00bb module_id=\u00bbancla4&#8243; _builder_version=\u00bb3.0.48&#8243; background_size=\u00bbinitial\u00bb background_position=\u00bbtop_left\u00bb background_repeat=\u00bbrepeat\u00bb][et_pb_column type=\u00bb4_4&#8243; _builder_version=\u00bb3.0.47&#8243; parallax=\u00bboff\u00bb parallax_method=\u00bbon\u00bb background_position=\u00bbtop_left\u00bb background_repeat=\u00bbno-repeat\u00bb][et_pb_image src=\u00bbhttp:\/\/almeriainversiones.com\/web\/wp-content\/uploads\/2023\/12\/16-Plano-P.-LPDL-30_12_2023-scaled.jpg\u00bb admin_label=\u00bbPlano\u00bb _builder_version=\u00bb3.0.48&#8243;][\/et_pb_image][\/et_pb_column][\/et_pb_row][et_pb_row custom_padding=\u00bb16px|0px|27px|0px\u00bb admin_label=\u00bbFila\u00bb _builder_version=\u00bb3.0.47&#8243; background_size=\u00bbinitial\u00bb background_position=\u00bbtop_left\u00bb background_repeat=\u00bbrepeat\u00bb][et_pb_column type=\u00bb4_4&#8243; _builder_version=\u00bb3.0.47&#8243; parallax=\u00bboff\u00bb parallax_method=\u00bbon\u00bb][et_pb_image src=\u00bbhttp:\/\/almeriainversiones.com\/web\/wp-content\/uploads\/2021\/10\/lotes_LPDL_A4-V026-scaled.jpg\u00bb admin_label=\u00bbImagen\u00bb _builder_version=\u00bb3.0.48&#8243;][\/et_pb_image][\/et_pb_column][\/et_pb_row][\/et_pb_section][et_pb_section fb_built=\u00bb1&#8243; custom_padding=\u00bb0px|0px|19px|0px\u00bb admin_label=\u00bbSecci\u00f3n\u00bb _builder_version=\u00bb3.0.48&#8243;][et_pb_row custom_padding=\u00bb16px|0px|15px|0px\u00bb background_position_1=\u00bbtop_left\u00bb background_repeat_1=\u00bbno-repeat\u00bb admin_label=\u00bbFila\u00bb module_id=\u00bbancla2&#8243; _builder_version=\u00bb3.0.48&#8243; background_size=\u00bbinitial\u00bb background_position=\u00bbtop_left\u00bb background_repeat=\u00bbrepeat\u00bb][et_pb_column type=\u00bb4_4&#8243; _builder_version=\u00bb3.0.47&#8243; parallax=\u00bboff\u00bb parallax_method=\u00bbon\u00bb background_position=\u00bbtop_left\u00bb background_repeat=\u00bbno-repeat\u00bb][et_pb_image src=\u00bbhttp:\/\/almeriainversiones.com\/web\/wp-content\/uploads\/2019\/01\/Modelos-de-Casas.jpg\u00bb admin_label=\u00bbGaler\u00eda virtual\u00bb _builder_version=\u00bb3.0.48&#8243;][\/et_pb_image][\/et_pb_column][\/et_pb_row][et_pb_row custom_padding=\u00bb0px|0px|27px|0px\u00bb admin_label=\u00bbFila\u00bb _builder_version=\u00bb3.0.47&#8243; background_size=\u00bbinitial\u00bb background_position=\u00bbtop_left\u00bb background_repeat=\u00bbrepeat\u00bb][et_pb_column type=\u00bb1_2&#8243; _builder_version=\u00bb3.0.47&#8243; parallax=\u00bboff\u00bb parallax_method=\u00bbon\u00bb][et_pb_image src=\u00bbhttp:\/\/almeriainversiones.com\/web\/wp-content\/uploads\/2019\/01\/casa06.jpg\u00bb title_text=\u00bbLa Pradera del Lago\u00bb admin_label=\u00bbLa Pradera del Lago\u00bb _builder_version=\u00bb3.0.48&#8243;][\/et_pb_image][et_pb_image src=\u00bbhttp:\/\/almeriainversiones.com\/web\/wp-content\/uploads\/2019\/01\/casa04.jpg\u00bb title_text=\u00bbAmplia v\u00eda vehicular\u00bb admin_label=\u00bbAmplia v\u00eda vehicular\u00bb _builder_version=\u00bb3.0.48&#8243;][\/et_pb_image][et_pb_image src=\u00bbhttp:\/\/almeriainversiones.com\/web\/wp-content\/uploads\/2019\/01\/casa02.jpg\u00bb title_text=\u00bbPiscina vista nocturna\u00bb admin_label=\u00bbPiscina vista nocturna\u00bb _builder_version=\u00bb3.0.48&#8243;][\/et_pb_image][\/et_pb_column][et_pb_column type=\u00bb1_2&#8243; _builder_version=\u00bb3.0.47&#8243; parallax=\u00bboff\u00bb parallax_method=\u00bbon\u00bb][et_pb_image src=\u00bbhttp:\/\/almeriainversiones.com\/web\/wp-content\/uploads\/2019\/01\/casa05.jpg\u00bb title_text=\u00bbCaminer\u00eda central\u00bb admin_label=\u00bbCaminer\u00eda central\u00bb _builder_version=\u00bb3.0.48&#8243;][\/et_pb_image][et_pb_image src=\u00bbhttp:\/\/almeriainversiones.com\/web\/wp-content\/uploads\/2019\/01\/casa03.jpg\u00bb title_text=\u00bbCasas de campo\u00bb admin_label=\u00bbCasas de campo\u00bb _builder_version=\u00bb3.0.48&#8243;][\/et_pb_image][et_pb_image src=\u00bbhttp:\/\/almeriainversiones.com\/web\/wp-content\/uploads\/2019\/01\/casa01.jpg\u00bb title_text=\u00bbLago de formaci\u00f3n natural\u00bb admin_label=\u00bbLago de formaci\u00f3n natural\u00bb _builder_version=\u00bb3.0.48&#8243;][\/et_pb_image][\/et_pb_column][\/et_pb_row][\/et_pb_section][et_pb_section fb_built=\u00bb1&#8243; custom_padding=\u00bb21px|0px|54px|0px\u00bb admin_label=\u00bbSecci\u00f3n\u00bb _builder_version=\u00bb3.0.48&#8243;][et_pb_row custom_padding=\u00bb27px|0px|12px|0px\u00bb background_position_1=\u00bbtop_left\u00bb background_repeat_1=\u00bbno-repeat\u00bb admin_label=\u00bbFila\u00bb module_id=\u00bbancla6&#8243; _builder_version=\u00bb3.0.48&#8243; background_size=\u00bbinitial\u00bb background_position=\u00bbtop_left\u00bb background_repeat=\u00bbrepeat\u00bb][et_pb_column type=\u00bb4_4&#8243; _builder_version=\u00bb3.0.47&#8243; parallax=\u00bboff\u00bb parallax_method=\u00bbon\u00bb background_position=\u00bbtop_left\u00bb background_repeat=\u00bbno-repeat\u00bb][et_pb_image src=\u00bbhttp:\/\/almeriainversiones.com\/web\/wp-content\/uploads\/2019\/01\/Ubicacion.jpg\u00bb admin_label=\u00bbUbicaci\u00f3n\u00bb _builder_version=\u00bb3.0.48&#8243;][\/et_pb_image][\/et_pb_column][\/et_pb_row][et_pb_row admin_label=\u00bbFila\u00bb _builder_version=\u00bb3.0.47&#8243; background_size=\u00bbinitial\u00bb background_position=\u00bbtop_left\u00bb background_repeat=\u00bbrepeat\u00bb][et_pb_column type=\u00bb1_2&#8243; _builder_version=\u00bb3.0.47&#8243; parallax=\u00bboff\u00bb parallax_method=\u00bbon\u00bb][et_pb_text admin_label=\u00bbTexto\u00bb _builder_version=\u00bb3.0.48&#8243;] La Pradera del Lago se ubica en el distrito de La Joya, a 40 kms al oeste de la ciudad de Arequipa.\u00a0\u00a0 Nuestro proyecto se encuentra a 5 minutos de la carretera Panamericana Sur en el lateral izquierdo pasando el sector denominado \u201cEl Cruce\u201d.\u00a0 La Joya es un distrito altamente agr\u00edcola y ganadero con una ecolog\u00eda privilegiada, sol radiante todo el a\u00f1o y clima inmejorable que favorecen la conformaci\u00f3n de su flora y fauna.\u00a0 Adem\u00e1s, cuenta con un clima subtropical (c\u00e1lido-seco) con una temperatura promedio de 14 a 32 \u00b0C y con una altura de 1,169 a 1,665 msnm. [\/et_pb_text][et_pb_map address=\u00bbEl Cruce La Joya, Per\u00fa\u00bb zoom_level=\u00bb14&#8243; address_lat=\u00bb-16.504724802027276&#8243; address_lng=\u00bb-71.84454079790038&#8243; admin_label=\u00bbMapa\u00bb _builder_version=\u00bb3.0.48&#8243;][et_pb_map_pin title=\u00bbLa Pradera del Lago\u00bb pin_address=\u00bbArequipa, Per\u00fa\u00bb pin_address_lat=\u00bb-16.515516&#8243; pin_address_lng=\u00bb-71.84341119999999&#8243; _builder_version=\u00bb3.0.47&#8243;]<\/p>\n<p>La Pradera del Lago<\/p>\n<p>[\/et_pb_map_pin][\/et_pb_map][\/et_pb_column][et_pb_column type=\u00bb1_2&#8243; _builder_version=\u00bb3.0.47&#8243; parallax=\u00bboff\u00bb parallax_method=\u00bbon\u00bb][et_pb_image src=\u00bbhttp:\/\/almeriainversiones.com\/web\/wp-content\/uploads\/2017\/05\/mapa.jpeg\u00bb admin_label=\u00bbImagen\u00bb _builder_version=\u00bb3.0.48&#8243;][\/et_pb_image][\/et_pb_column][\/et_pb_row][\/et_pb_section][et_pb_section fb_built=\u00bb1&#8243; custom_padding=\u00bb19px|0px|54px|0px\u00bb admin_label=\u00bbSecci\u00f3n\u00bb _builder_version=\u00bb3.0.48&#8243;][et_pb_row custom_padding=\u00bb27px|0px|12px|0px\u00bb background_position_1=\u00bbtop_left\u00bb background_repeat_1=\u00bbno-repeat\u00bb admin_label=\u00bbFila\u00bb module_id=\u00bbancla7&#8243; _builder_version=\u00bb3.0.48&#8243; background_size=\u00bbinitial\u00bb background_position=\u00bbtop_left\u00bb background_repeat=\u00bbrepeat\u00bb][et_pb_column type=\u00bb4_4&#8243; _builder_version=\u00bb3.0.47&#8243; parallax=\u00bboff\u00bb parallax_method=\u00bbon\u00bb background_position=\u00bbtop_left\u00bb background_repeat=\u00bbno-repeat\u00bb][et_pb_image src=\u00bbhttp:\/\/almeriainversiones.com\/web\/wp-content\/uploads\/2019\/01\/Contactanos.jpg\u00bb admin_label=\u00bbContactanos\u00bb _builder_version=\u00bb3.0.48&#8243;][\/et_pb_image][\/et_pb_column][\/et_pb_row][et_pb_row custom_padding=\u00bb18px|0px|27px|0px\u00bb admin_label=\u00bbFila\u00bb _builder_version=\u00bb3.0.47&#8243; background_size=\u00bbinitial\u00bb background_position=\u00bbtop_left\u00bb background_repeat=\u00bbrepeat\u00bb][et_pb_column type=\u00bb1_2&#8243; _builder_version=\u00bb3.0.47&#8243; parallax=\u00bboff\u00bb parallax_method=\u00bbon\u00bb][et_pb_contact_form captcha=\u00bboff\u00bb email=\u00bbventas@almeriainversiones.com, isabelpz@idconexion.com\u00bb custom_message=\u00bbNombre: %%name%%||et_pb_line_break_holder||Tel\u00e9fono: %%phone%% ||et_pb_line_break_holder||Email: %%email%%||et_pb_line_break_holder||Mensaje: %%message%%,\u00bb success_message=\u00bb\u00a1Gracias! En breve estaremos en contacto con usted.\u00bb admin_label=\u00bbFormulario de contacto\u00bb module_id=\u00bbet_pb_contact_form_0&#8243; _builder_version=\u00bb3.0.48&#8243; saved_tabs=\u00bball\u00bb][et_pb_contact_field field_id=\u00bbName\u00bb field_title=\u00bbNombre\u00bb _builder_version=\u00bb3.0.47&#8243; form_field_font=\u00bb||||\u00bb use_border_color=\u00bboff\u00bb][\/et_pb_contact_field][et_pb_contact_field field_id=\u00bbEmail\u00bb field_title=\u00bbCorreo electr\u00f3nico\u00bb field_type=\u00bbemail\u00bb _builder_version=\u00bb3.0.47&#8243; form_field_font=\u00bb||||\u00bb use_border_color=\u00bboff\u00bb][\/et_pb_contact_field][et_pb_contact_field field_id=\u00bbPhone\u00bb field_title=\u00bbTel\u00e9fono\u00bb _builder_version=\u00bb3.0.47&#8243; form_field_font=\u00bb||||\u00bb use_border_color=\u00bboff\u00bb][\/et_pb_contact_field][et_pb_contact_field field_id=\u00bbMessage\u00bb field_title=\u00bbMensaje\u00bb field_type=\u00bbtext\u00bb fullwidth_field=\u00bbon\u00bb _builder_version=\u00bb3.0.47&#8243; form_field_font=\u00bb||||\u00bb use_border_color=\u00bboff\u00bb][\/et_pb_contact_field][\/et_pb_contact_form][\/et_pb_column][et_pb_column type=\u00bb1_2&#8243; _builder_version=\u00bb3.0.47&#8243; parallax=\u00bboff\u00bb parallax_method=\u00bbon\u00bb][et_pb_image src=\u00bbhttp:\/\/almeriainversiones.com\/web\/wp-content\/uploads\/2019\/01\/parrillas02.jpg\u00bb admin_label=\u00bbImagen\u00bb _builder_version=\u00bb3.0.48&#8243;][\/et_pb_image][\/et_pb_column][\/et_pb_row][\/et_pb_section][et_pb_section fb_built=\u00bb1&#8243; fullwidth=\u00bbon\u00bb admin_label=\u00bbSecci\u00f3n\u00bb _builder_version=\u00bb3.0.47&#8243;][et_pb_fullwidth_image src=\u00bbhttp:\/\/almeriainversiones.com\/web\/wp-content\/uploads\/2023\/02\/BARRA-INICIO-scaled.jpg\u00bb admin_label=\u00bbImagen de anchura completa\u00bb _builder_version=\u00bb3.0.48&#8243;][\/et_pb_fullwidth_image][\/et_pb_section]<\/p>\n","protected":false},"excerpt":{"rendered":"<p>[et_pb_section fb_built=\u00bb1&#8243; custom_padding=\u00bb1px|0px|0px|0px\u00bb admin_label=\u00bbsection\u00bb _builder_version=\u00bb3.0.48&#8243;][et_pb_row custom_padding=\u00bb0px|0px|0px|0px\u00bb admin_label=\u00bbrow\u00bb _builder_version=\u00bb3.0.48&#8243; background_size=\u00bbinitial\u00bb background_position=\u00bbtop_left\u00bb background_repeat=\u00bbrepeat\u00bb][et_pb_column type=\u00bb4_4&#8243; _builder_version=\u00bb3.0.47&#8243; parallax=\u00bboff\u00bb parallax_method=\u00bbon\u00bb][et_pb_gallery gallery_ids=\u00bb770,559,799,795,796&#8243; fullwidth=\u00bbon\u00bb background_layout=\u00bbdark\u00bb admin_label=\u00bbGaler\u00eda\u00bb _builder_version=\u00bb3.0.48&#8243; use_border_color=\u00bbon\u00bb][\/et_pb_gallery][et_pb_image _builder_version=\u00bb3.0.48&#8243;][\/et_pb_image][et_pb_video_slider _builder_version=\u00bb3.0.48&#8243;][\/et_pb_video_slider][\/et_pb_column][\/et_pb_row][et_pb_row custom_padding=\u00bb0px|0px|11px|0px\u00bb background_position_1=\u00bbtop_left\u00bb background_repeat_1=\u00bbno-repeat\u00bb admin_label=\u00bbFila\u00bb module_id=\u00bbancla1&#8243; _builder_version=\u00bb3.0.48&#8243; background_size=\u00bbinitial\u00bb background_position=\u00bbtop_left\u00bb background_repeat=\u00bbrepeat\u00bb][et_pb_column type=\u00bb4_4&#8243; _builder_version=\u00bb3.0.47&#8243; parallax=\u00bboff\u00bb parallax_method=\u00bbon\u00bb background_position=\u00bbtop_left\u00bb background_repeat=\u00bbno-repeat\u00bb][et_pb_image src=\u00bbhttp:\/\/almeriainversiones.com\/web\/wp-content\/uploads\/2019\/01\/bienvenidos.jpg\u00bb admin_label=\u00bbBienvenidos\u00bb _builder_version=\u00bb3.0.48&#8243;][\/et_pb_image][\/et_pb_column][\/et_pb_row][\/et_pb_section][et_pb_section fb_built=\u00bb1&#8243; custom_padding=\u00bb0px|0px|54px|0px\u00bb admin_label=\u00bbSecci\u00f3n\u00bb _builder_version=\u00bb3.0.48&#8243;][et_pb_row admin_label=\u00bbFila\u00bb _builder_version=\u00bb3.0.47&#8243; background_size=\u00bbinitial\u00bb background_position=\u00bbtop_left\u00bb background_repeat=\u00bbrepeat\u00bb][et_pb_column type=\u00bb1_2&#8243; _builder_version=\u00bb3.0.47&#8243; parallax=\u00bboff\u00bb parallax_method=\u00bbon\u00bb][et_pb_text admin_label=\u00bbTexto\u00bb [&hellip;]<\/p>\n","protected":false},"author":2,"featured_media":0,"parent":0,"menu_order":0,"comment_status":"closed","ping_status":"closed","template":"","meta":{"footnotes":""},"class_list":["post-75","page","type-page","status-publish","hentry"],"_links":{"self":[{"href":"http:\/\/almeriainversiones.com\/web\/wp-json\/wp\/v2\/pages\/75","targetHints":{"allow":["GET"]}}],"collection":[{"href":"http:\/\/almeriainversiones.com\/web\/wp-json\/wp\/v2\/pages"}],"about":[{"href":"http:\/\/almeriainversiones.com\/web\/wp-json\/wp\/v2\/types\/page"}],"author":[{"embeddable":true,"href":"http:\/\/almeriainversiones.com\/web\/wp-json\/wp\/v2\/users\/2"}],"replies":[{"embeddable":true,"href":"http:\/\/almeriainversiones.com\/web\/wp-json\/wp\/v2\/comments?post=75"}],"version-history":[{"count":123,"href":"http:\/\/almeriainversiones.com\/web\/wp-json\/wp\/v2\/pages\/75\/revisions"}],"predecessor-version":[{"id":949,"href":"http:\/\/almeriainversiones.com\/web\/wp-json\/wp\/v2\/pages\/75\/revisions\/949"}],"wp:attachment":[{"href":"http:\/\/almeriainversiones.com\/web\/wp-json\/wp\/v2\/media?parent=75"}],"curies":[{"name":"wp","href":"https:\/\/api.w.org\/{rel}","templated":true}]}}